{"id":1313,"date":"2011-02-04T20:45:19","date_gmt":"2011-02-04T19:45:19","guid":{"rendered":"http:\/\/kulanorinska.hr.win7.mojsite.com\/web\/?page_id=1313"},"modified":"2021-02-23T08:38:37","modified_gmt":"2021-02-23T07:38:37","slug":"geografski-polozaj","status":"publish","type":"page","link":"https:\/\/kulanorinska.hr\/?page_id=1313","title":{"rendered":"Geografski polo\u017eaj"},"content":{"rendered":"<div>\n<p style=\"text-align: justify;\">Polo\u017eaj Dubrova\u010dko-neretvanske \u017eupanije u Republici Hrvatskoj<\/p>\n<p style=\"text-align: justify;\"><a href=\"https:\/\/kulanorinska.hr\/wp-content\/uploads\/2008\/09\/polozajdnz.jpg\"><img loading=\"lazy\" title=\"polozajdnz\" src=\"https:\/\/kulanorinska.hr\/wp-content\/uploads\/2008\/09\/polozajdnz-300x290.jpg\" alt=\"\" width=\"382\" height=\"318\"><\/a><\/p>\n<p style=\"text-align: justify;\">Op\u0107ina Kula Norinska locirana je na sjevernoj granici Dubrova\u010dko-neretvanske \u017eupanije. Op\u0107ina Kula Norinska grani\u010di unutar Dubrova\u010dko-neretvanske \u017eupanije s pet jedinice lokalne samouprave i to: Grad Plo\u010de, Grad Opuzen, Grad Metkovi\u0107, op\u0107ina Pojezerje i op\u0107ina Za\u017eablje. Sjeverna granica op\u0107ine je ujedno i granica sa Republikom Bosnom i Hercegovinom&#8230;<\/p>\n<p style=\"text-align: justify;\">U sastavu Op\u0107ine uz op\u0107insko sredi\u0161te Kula Norinska nalazi se devet naselja: Nova Sela, Borovci, Desne, Podrujnice, Matijevi\u0107i, Momi\u0107i, Krvavac i Krvavac II.<\/p>\n<p style=\"text-align: justify;\">Sva naselja su povezana dr\u017eavnim, \u017eupanijskim i lokalnim cestama.<\/p>\n<ul style=\"text-align: justify;\">\n<li>dr\u017eavna cesta D9 (D8-Opuzen-Metkovi\u0107 u smjeru istok-zapad prolazi kroz naselje Krvavac I<\/li>\n<li>dr\u017eavna cesta D62 (Mali Prolog-Metkovi\u0107-D9) u smjeru sjever-jug prolazi kroz naselja Nova Sela, Podrujnica, Momi\u0107i i Kula Norinska<\/li>\n<li>\u017eupanijska cesta \u017d6217 (Rogotin D8-Komin-Krvavac-Kula Norinska D62) u smjeru istok-zapad spaja Krvavac i Kulu Norinsku sa Kominom<\/li>\n<li>lokalna cesta L69008 spaja Borovce sa Novim Selima (D62)<\/li>\n<li>lokalna cesta L69009 jugoistok-sjeverozapad spaja Banju i Desne sa Kulom Norinskom<\/li>\n<\/ul>\n<p style=\"text-align: justify;\">Unutar granica obuhvata PPUO Kula Norinska prolazi trasa magistralne pomo\u0107ne \u017eeljezni\u010dke pruge MP13 Beli Manastir &#8211; dr\u017eavna granica &#8211; Osijek-Metkovi\u0107-Strizivojna-Vrpolje-Slavonski \u0160amac-dr\u017eavna granica-Metkovi\u0107-Plo\u010de.<\/p>\n<p style=\"text-align: justify;\">Od infrastrukturnih koridora od interesa za dr\u017eavu i \u017dupaniju kroz podru\u010dje Op\u0107ine Kula Norinska prolaze:<\/p>\n<ul style=\"text-align: justify;\">\n<li>koridor elektroprijenosnog ure\u0111aja &#8211; dalekovod 200(400)kV smjer Vrgorac-Metkovi\u0107<\/li>\n<li>koridor elektroprijenosnog ure\u0111aja &#8211; dalekovod 110 kV smjer Vrgorac-Opuzen<\/li>\n<li>koridor elektroprijenosnog ure\u0111aja &#8211; dalekovod 110 kV smjer Plo\u010de-Opuzen<\/li>\n<li>koridor elektroprijenosnog ure\u0111aja &#8211; dalekovod 110 kV smjer Metkovi\u0107-Opuzen<\/li>\n<li>magistralni telekomunikacijski vod Plo\u010de &#8211; Metkovi\u0107<\/li>\n<\/ul>\n<p style=\"text-align: justify;\">Kula Norinska je prete\u017eito brdska op\u0107ina kojom prolaze vodotoci rijeke Neretve i Norin. Ve\u0107ina doma\u0107instva s ovog podru\u010dja ima svoj posjed i bavi se poljoprivredom kao osnovnom ili dopunskom djelatno\u0161\u0107u.<\/p>\n<p style=\"text-align: justify;\">Polo\u017eaj Op\u0107ine Kula Norinska u Dubrova\u010dko-Neretvanskoj \u017eupaniji<\/p>\n<p style=\"text-align: justify;\"><a href=\"https:\/\/kulanorinska.hr\/wp-content\/uploads\/2008\/09\/kulawebnews1.jpg\"><img loading=\"lazy\" title=\"kulawebnews1\" src=\"https:\/\/kulanorinska.hr\/wp-content\/uploads\/2008\/09\/kulawebnews1-300x184.jpg\" alt=\"\" width=\"300\" height=\"184\"><\/a><\/p>\n<p style=\"text-align: justify;\">Osnovni podaci o stanju u prostoru<\/p>\n<p style=\"text-align: justify;\">Op\u0107ina Kula Norinska prema zakonu u podru\u010djima \u017eupanija, gradova i op\u0107ina u Republici Hrvatskoj (NN RH br. 90\/92 i 68\/98) ustrojena je Op\u0107ina Kula Norinska sa sjedi\u0161tem u istoimenom mjestu, a u okviru Dubrova\u010dko-neretvanske \u017eupanije. U sastavu Op\u0107ine Kula Norinska nalazi se uz op\u0107insko sredi\u0161te Kula Norinska i jo\u0161 sedam naselja Nova Sela, Borovci, Desne, Podrujnica, Momi\u0107i, Krvavac i Krvavac II.<\/p>\n<p style=\"text-align: justify;\">Op\u0107ina Kula Norinska zauzima povr\u0161inu od 60,60km2&nbsp;i to prema naseljima:<\/p>\n<table style=\"text-align: justify;\" border=\"0\" width=\"50%\">\n<tbody>\n<tr>\n<td width=\"50%\">Kula Norinska<\/td>\n<td>1,37km2<\/td>\n<\/tr>\n<tr>\n<td>Nova Sela<\/td>\n<td>11,20km2<\/td>\n<\/tr>\n<tr>\n<td>Borovci<\/td>\n<td>13,13km2<\/td>\n<\/tr>\n<tr>\n<td>Desne<\/td>\n<td>14,76km2<\/td>\n<\/tr>\n<tr>\n<td>Podrujnica<\/td>\n<td>4,63km2<\/td>\n<\/tr>\n<tr>\n<td>Momi\u0107i<\/td>\n<td>4,31km2<\/td>\n<\/tr>\n<tr>\n<td>Krvavac<\/td>\n<td>6,24km2<\/td>\n<\/tr>\n<tr>\n<td>Krvavac II<\/td>\n<td>4,97km2<\/td>\n<\/tr>\n<\/tbody>\n<\/table>\n<p style=\"text-align: justify;\">Prema popisu stanovni\u0161tva iz 2001. godine Op\u0107ina Kula Norinska ima 1926 stanovnika, prete\u017eito hrvatske nacionalnosti (99,07%) prema naseljima: Kula Norinska 402, Nova Sela 55, Borovci 33, Desne 130, Podrujnica 142, Momi\u0107i 215, Krvavac 613 i Krvavac II 336.<\/p>\n<p style=\"text-align: justify;\">Gusto\u0107a stanovni\u0161tva na podru\u010dju Op\u0107ine Kula Norinska iznosi 31,78st\/km2.<\/p>\n<p style=\"text-align: justify;\">Prostorni obuhvat Op\u0107ine Kula Norinska<\/p>\n<p style=\"text-align: justify;\"><a href=\"https:\/\/kulanorinska.hr\/wp-content\/uploads\/2008\/09\/kulawebnews2.jpg\"><img loading=\"lazy\" title=\"kulawebnews2\" src=\"https:\/\/kulanorinska.hr\/wp-content\/uploads\/2008\/09\/kulawebnews2-179x300.jpg\" alt=\"\" width=\"179\" height=\"300\"><\/a><\/p>\n<p style=\"text-align: justify;\">Osnovni podaci o teritoriju Op\u0107ine Kula Norinska<\/p>\n<table style=\"text-align: justify;\" border=\"1\" width=\"80%\" cellspacing=\"1\" cellpadding=\"3\">\n<tbody>\n<tr>\n<td width=\"40%\">Op\u0107ina Kula Norinska<\/td>\n<td>km2<\/td>\n<td width=\"40%\">Udio povr\u0161ine i du\u017eine u odnosu na Dubrova\u010dko-neretvansku \u017eupaniju<\/td>\n<\/tr>\n<tr>\n<td>Povr\u0161ina<\/td>\n<td>60,60<\/td>\n<td>3,41%<\/td>\n<\/tr>\n<tr>\n<td>Du\u017eina dr\u017eavne granice<\/td>\n<td>3,32<\/td>\n<td>0,35%<\/td>\n<\/tr>\n<tr>\n<td>Du\u017eina \u017eupanijske granice<\/td>\n<td>0<\/td>\n<td>&#8211;<\/td>\n<\/tr>\n<tr>\n<td>Du\u017eina me\u0111uop\u0107inske granice<\/td>\n<td>40,07<\/td>\n<td>&#8211;<\/td>\n<\/tr>\n<\/tbody>\n<\/table>\n<p style=\"text-align: justify;\">Ukupno op\u0107inskih granica 43,39km.<\/p>\n<\/div>\n","protected":false},"excerpt":{"rendered":"<p>Polo\u017eaj Dubrova\u010dko-neretvanske \u017eupanije u Republici Hrvatskoj Op\u0107ina Kula Norinska locirana je na sjevernoj granici Dubrova\u010dko-neretvanske \u017eupanije. Op\u0107ina Kula Norinska grani\u010di unutar Dubrova\u010dko-neretvanske \u017eupanije s pet jedinice lokalne samouprave i to: Grad Plo\u010de, Grad Opuzen, Grad Metkovi\u0107, op\u0107ina Pojezerje i op\u0107ina Za\u017eablje. Sjeverna granica op\u0107ine je&#8230;<\/p>\n","protected":false},"author":1,"featured_media":0,"parent":488,"menu_order":101,"comment_status":"closed","ping_status":"open","template":"","meta":{"_monsterinsights_skip_tracking":false,"_monsterinsights_sitenote_active":false,"_monsterinsights_sitenote_note":"","_monsterinsights_sitenote_category":0,"ngg_post_thumbnail":0},"_links":{"self":[{"href":"https:\/\/kulanorinska.hr\/index.php?rest_route=\/wp\/v2\/pages\/1313"}],"collection":[{"href":"https:\/\/kulanorinska.hr\/index.php?rest_route=\/wp\/v2\/pages"}],"about":[{"href":"https:\/\/kulanorinska.hr\/index.php?rest_route=\/wp\/v2\/types\/page"}],"author":[{"embeddable":true,"href":"https:\/\/kulanorinska.hr\/index.php?rest_route=\/wp\/v2\/users\/1"}],"replies":[{"embeddable":true,"href":"https:\/\/kulanorinska.hr\/index.php?rest_route=%2Fwp%2Fv2%2Fcomments&post=1313"}],"version-history":[{"count":7,"href":"https:\/\/kulanorinska.hr\/index.php?rest_route=\/wp\/v2\/pages\/1313\/revisions"}],"predecessor-version":[{"id":9458,"href":"https:\/\/kulanorinska.hr\/index.php?rest_route=\/wp\/v2\/pages\/1313\/revisions\/9458"}],"up":[{"embeddable":true,"href":"https:\/\/kulanorinska.hr\/index.php?rest_route=\/wp\/v2\/pages\/488"}],"wp:attachment":[{"href":"https:\/\/kulanorinska.hr\/index.php?rest_route=%2Fwp%2Fv2%2Fmedia&parent=1313"}],"curies":[{"name":"wp","href":"https:\/\/api.w.org\/{rel}","templated":true}]}}