{"id":1316,"date":"2011-02-04T21:23:41","date_gmt":"2011-02-04T20:23:41","guid":{"rendered":"http:\/\/kulanorinska.hr.win7.mojsite.com\/web\/?page_id=1316"},"modified":"2021-02-23T08:39:46","modified_gmt":"2021-02-23T07:39:46","slug":"gospodarstvo","status":"publish","type":"page","link":"https:\/\/kulanorinska.hr\/?page_id=1316","title":{"rendered":"Gospodarstvo"},"content":{"rendered":"<div>\n<h1 style=\"text-align: justify;\">Prikaz gospodarskih i dru\u0161tvenih djelatnosti<\/h1>\n<p style=\"text-align: justify;\"><strong>POSLOVNA ZONA &#8211; NOVO DOBA OP\u0106INE KULE NORINSKA<\/strong><\/p>\n<p style=\"text-align: justify;\"><strong>Op\u0107ina Kula Norinska se s godinama razvija u jedno od zanimljivijih podru\u010dja s ekonomskog aspekta. Prije svega zbog nadolaze\u0107e autoceste Zagreb-Dubrovnik koja se sije\u010de s prometnim koridorom V C upravo na podru\u010dju op\u0107ine Kula Norinska u mjestu Nova sela uz koje ve\u0107 ni\u010de poslovna zona koja je procjenjena jednom od najperspektivnijih u Hrvatskoj i regiji obzirom da se nalazi tik uz sjeci\u0161te koridora i grani\u010dnog prelaza Nova Sela koji \u0107e biti jedno od 3 najve\u0107a u Hrvatskoj. <\/strong><\/p>\n<p style=\"text-align: justify;\"><strong>Po\u010detnih 600.000 m2 Poslovne zone &#8220;Nova sela&#8221; ve\u0107 o\u010dekuje prve investitore koji su voljni putem javnoprivatnog partnerstva sami izgra\u0111ivati infrastrukturu poslovne zone i zauzvrat dobiti zemlji\u0161te. Interes investitora je znatan, a pripremno ure\u0111ivanje gra\u0111evinskog terena je u tijeku.<\/strong><\/p>\n<p style=\"text-align: justify;\"><strong>TURIZAM<br \/>\n<\/strong><\/p>\n<p style=\"text-align: justify;\">Znaja\u010dajna gospodarska aktivnost se razvija i u podru\u010dju turizma, pa tako op\u0107ina ima hotelrestoran,&nbsp; restoran i nekoliko drugih ugostiteljskih objekata koji rade cijele godine.<\/p>\n<p style=\"text-align: justify;\">Turizam se razvija najvi\u0161e kroz fotosafari turizam u \u010demu je op\u0107ina Kula Norinska vode\u0107a u dolini Neretve, ali i znatno \u0161ire s preko 30.000 turista godi\u0161nje samo u tom vidu turisti\u010dke djelatnosti. U op\u0107ini Kula Norinska je zapravo i za\u010det fotosafari&nbsp; turizam u dolini Neretve te se s vremenom pro\u0161irio na cijelu dolinu Neretve,a upravo se u op\u0107ini Kula Norinska razvijaju novi vidovi turizma za dolinu Neretve, i to na na\u010din da se iskori\u0161tavaju ljepote i reljef njenoog kr\u0161kog i brdovitog podru\u010dja koje privla\u010di zaljubljenike u prirodu, \u0161etnje, pa \u010dak i alpinizam, a povijest podru\u010dja op\u0107ine Kula Norinska je prebogata od najranijih doba civilizacije pa do danas.<\/p>\n<p style=\"text-align: justify;\"><strong>POLJOPRIVREDA<\/strong><\/p>\n<p style=\"text-align: justify;\">Op\u0107ina Kula Norinska je op\u0107ina u kojoj poljoprivreda predstavlja najzna\u010dajniju gospodarsku djelatnost. Od ukupne povr\u0161ine Op\u0107ine Kula Norinska poljoprivredne povr\u0161ine zauzimaju 9,36% povr\u0161ine, ali zbog izuzetne kakvo\u0107e tla i izuzetno povoljnih klimatskih uvjeta predstavljaju zna\u010dajni gospodarski resurs.<\/p>\n<p style=\"text-align: justify;\">U razvoju poljodjelske proizvodnje o\u010dekuje se prijelaz s ekstenzivnog na intenzivni na\u010din proizvodnje, a u okvirima koncepta odr\u017eivog razvoja. Pri realizaciji ovog cilja potrebno je voditi ra\u010duna o:<\/p>\n<ul style=\"text-align: justify;\">\n<li>racionalnom kori\u0161tenju poljoprivrednog tla<\/li>\n<li>onemogu\u0107avanju kori\u0161tenja kvalitetnog zemlji\u0161ta za nepoljoprivredne svrhe<\/li>\n<li>saniranju devastiranog poljodjelskog tla nakon eksploatacije<\/li>\n<li>usmjeravanju i poticanju proizvodnje zdrave hrane i na tr\u017ei\u0161tu prepoznatljivih proizvoda<\/li>\n<li>unapre\u0111enju obiteljskog poljodjelskog i proizvodnog gospodarstva koji treba biti jedan od instrumenata pove\u0107anja broja stranovnika<\/li>\n<li>iskori\u0161tavanju postoje\u0107ih obradivih povr\u0161ina i privo\u0111enju namjeni zapu\u0161tenih povr\u0161ina<\/li>\n<li>melioliranjem povr\u0161ina pove\u0107ati ukupnu povr\u0161inu istih<\/li>\n<\/ul>\n<p style=\"text-align: justify;\">Sitnija obiteljska poljoprivredna gospodarstva moraju te\u017eiti intenzivnoj proizvodnji kao \u0161to su povr\u0107e, vo\u0107e, vinogradi, cvije\u0107e, sitna stoka i sl. Kod svih obiteljskih gospodarstva mora se posti\u0107i maksimalna iskori\u0161tenost zemlje, strojeva, radne snage, znanja, proizvodno-tehnolo\u0161kog ili iskustva, jer samo takovi uvjeti proizvodnje obe\u0107avaju opstanak u europskoj konkurenciji.<\/p>\n<p style=\"text-align: justify;\">U ekonomskom pogledu mora se posti\u0107i ili te\u017eiti postizavanju optimalne ravnote\u017ee izme\u0111u vrste i koli\u010dine proizvoda i tro\u0161kova proizvodnje, jer to osigurava najprofitabilniju proizvodnju. Da bi se ovo postiglo treba pru\u017eiti i omogu\u0107iti stru\u010dno i prakti\u010dno proizvodno usavr\u0161avanje. Mjere agrarne politike dr\u017eave, kao i kreditna politika moraju omogu\u0107iti pretvorbu postoje\u0107ih u suvremena obiteljska poljoprivredna gospodarstva.<\/p>\n<p style=\"text-align: justify;\">Razvoj gospodarstva na lokalnoj razini temeljit \u0107e se na obiteljskim poljoprivrednim gospodarstvima koja \u0107e se u razvoju oslanjati na velike poduzetnike odnosno trgova\u010dke sustave. Najve\u0107i udio na podru\u010dju Op\u0107ine Kula Norinska imat \u0107e poljoprivredne i prera\u0111iva\u010dke djelatnosti. Razvoj suvremenih obiteljskih poljoprivrednih gospodarstava i malih fleksibilnih tvrtki \u010dija se proizvodnja bazira na raspolo\u017eivim prirodnim resursima omogu\u0107it \u0107e efikasno kori\u0161tenje ukupnih ekonomskih potencijala.<\/p>\n<p style=\"text-align: justify;\">Ova na\u010delna opredjeljenja ne\u0107e se mo\u0107i ostvariti primjenom rigoroznih uvjeta za gradnju objekata u funkciji poljoprivredne proizvodnje, kakvi su postavljeni u va\u017ee\u0107im planovima. Ti su rigorozni uvjeti nerijetko onemogu\u0107avali realizaciju pojedinih razvojnih programa. Stoga se u izradi Prostornog plana Op\u0107ine Kula Norinska kao prioritet name\u0107e rje\u0161avanje ovog pitanja, odnosno iznala\u017eenja uvjeta za gradnju objekata u funkciji poljoprivredne proizvodnje kojima \u0107e se omogu\u0107iti realizacija razvojnih programa uz istovremenu za\u0161titu kvalitete \u017eivljenja u susjednim objektima.<\/p>\n<p style=\"text-align: justify;\">\u0160umarstvo<\/p>\n<p style=\"text-align: justify;\">\u0160umama gospodariti i dalje po va\u017ee\u0107im Gospodarskim osnovama i njima odre\u0111enom etatu. Etat je mogu\u0107a koli\u010dina drvne mase za sje\u010du i podatak koji govori o o\u010duvanju \u0161uma i akumuliranju drvne mase u skladu sa potrajnosti prihoda \u0161ume.<\/p>\n<p style=\"text-align: justify;\">Marginalne i zapu\u0161tene poljoprivredne povr\u0161ine, neadekvatne za daljnju poljoprivrednu proizvodnju, a obrasle u \u0161ikare bez nadzora, stru\u010dnim \u0161umarskim zahvatima po\u017eeljno je prevoditi u kvalitetnije, vi\u0161e uzgojne oblike.<\/p>\n<p style=\"text-align: justify;\">Korisno bi bilo dio \u0161uma uz naselja i turisti\u010dke objekte urediti za rekreacijsku namjenu za koju potrebe iskazuje suvremeni na\u010din \u017eivota, te sukladno potrebama poticati razvoj urbanog \u0161umarstva radi ozelenjavanja naselja i turisti\u010dkih podru\u010dja.<\/p>\n<p style=\"text-align: justify;\">Zakonski propisati da svaki novi prizvodni pogon mora imati ure\u0111aj kojim trajno sprje\u010dava svako one\u010di\u0161\u0107enje zraka, vode i tla. Visokim od\u0161tetama i kaznama pteretiti postoje\u0107e tvornice i sli\u010dne pogone koji nemaju ure\u0111aje za pro\u010di\u0161\u0107avanje vlastitih oblika one\u010di\u0161\u0107enja, a time direktno utje\u010du na uni\u0161tavanje okoli\u0161a. Pravnim mjerama tako\u0111er sprije\u010diti i razne neproizvodne ustanove, ku\u0107anstva i pojedince u naru\u0161avanju \u010disto\u0107e okoli\u0161a, jer time uni\u0161tavaju i ugro\u017eavaju \u0161ume.<\/p>\n<p style=\"text-align: justify;\">Ve\u0107e \u0161umske povr\u0161ine su u dr\u017eavnom vlasni\u0161tvu i njima gospodati Javno poduze\u0107e Hrvatske \u0161ume tako da lokalne vlasti nemaju direktan utjecaj na njihovo gospodarenje. \u0160ume predstavljaju zbog svojih ekolo\u0161kih vrijednosti i zna\u010dajan potencijal za razvitak lovnog, izletni\u010dkog i rekracijskog turizma koji tu postoji ve\u0107 nekoliko desetlje\u0107a, ali nije u dovoljnoj mjeri valoriziran.<\/p>\n<p style=\"text-align: justify;\">\u0160umsko podru\u010dje<\/p>\n<p style=\"text-align: justify;\"><a href=\"https:\/\/kulanorinska.hr\/wp-content\/uploads\/2008\/09\/kulawebnews3.jpg\"><img loading=\"lazy\" title=\"kulawebnews3\" src=\"https:\/\/kulanorinska.hr\/wp-content\/uploads\/2008\/09\/kulawebnews3-300x224.jpg\" alt=\"\" width=\"300\" height=\"224\"><\/a><\/p>\n<\/div>\n","protected":false},"excerpt":{"rendered":"<p>Prikaz gospodarskih i dru\u0161tvenih djelatnosti POSLOVNA ZONA &#8211; NOVO DOBA OP\u0106INE KULE NORINSKA Op\u0107ina Kula Norinska se s godinama razvija u jedno od zanimljivijih podru\u010dja s ekonomskog aspekta. Prije svega zbog nadolaze\u0107e autoceste Zagreb-Dubrovnik koja se sije\u010de s prometnim koridorom V C upravo na podru\u010dju&#8230;<\/p>\n","protected":false},"author":1,"featured_media":0,"parent":488,"menu_order":102,"comment_status":"closed","ping_status":"open","template":"","meta":{"_monsterinsights_skip_tracking":false,"_monsterinsights_sitenote_active":false,"_monsterinsights_sitenote_note":"","_monsterinsights_sitenote_category":0,"ngg_post_thumbnail":0},"_links":{"self":[{"href":"https:\/\/kulanorinska.hr\/index.php?rest_route=\/wp\/v2\/pages\/1316"}],"collection":[{"href":"https:\/\/kulanorinska.hr\/index.php?rest_route=\/wp\/v2\/pages"}],"about":[{"href":"https:\/\/kulanorinska.hr\/index.php?rest_route=\/wp\/v2\/types\/page"}],"author":[{"embeddable":true,"href":"https:\/\/kulanorinska.hr\/index.php?rest_route=\/wp\/v2\/users\/1"}],"replies":[{"embeddable":true,"href":"https:\/\/kulanorinska.hr\/index.php?rest_route=%2Fwp%2Fv2%2Fcomments&post=1316"}],"version-history":[{"count":2,"href":"https:\/\/kulanorinska.hr\/index.php?rest_route=\/wp\/v2\/pages\/1316\/revisions"}],"predecessor-version":[{"id":9459,"href":"https:\/\/kulanorinska.hr\/index.php?rest_route=\/wp\/v2\/pages\/1316\/revisions\/9459"}],"up":[{"embeddable":true,"href":"https:\/\/kulanorinska.hr\/index.php?rest_route=\/wp\/v2\/pages\/488"}],"wp:attachment":[{"href":"https:\/\/kulanorinska.hr\/index.php?rest_route=%2Fwp%2Fv2%2Fmedia&parent=1316"}],"curies":[{"name":"wp","href":"https:\/\/api.w.org\/{rel}","templated":true}]}}