{"id":1318,"date":"2011-02-04T21:24:44","date_gmt":"2011-02-04T20:24:44","guid":{"rendered":"http:\/\/kulanorinska.hr.win7.mojsite.com\/web\/?page_id=1318"},"modified":"2018-09-13T06:30:09","modified_gmt":"2018-09-13T04:30:09","slug":"turizam","status":"publish","type":"page","link":"https:\/\/kulanorinska.hr\/?page_id=1318","title":{"rendered":"Turizam"},"content":{"rendered":"<div>\n<p style=\"text-align: justify;\"><strong>Znaja\u010dajna gospodarska aktivnost se razvija upravo podru\u010dju turizma, pa tako op\u0107ina ima hotelrestoran,&nbsp; restoran i nekoliko drugih ugostiteljskih objekata koji rade cijele godine.<\/strong><\/p>\n<p style=\"text-align: justify;\"><strong>Turizam se razvija najvi\u0161e kroz fotosafari turizam u \u010demu je op\u0107ina Kula Norinska vode\u0107a u dolini Neretve, ali i znatno \u0161ire s preko 30.000 turista godi\u0161nje samo u tom vidu turisti\u010dke djelatnosti. U op\u0107ini Kula Norinska je zapravo i za\u010det fotosafari&nbsp; turizam u dolini Neretve te se s vremenom pro\u0161irio na cijelu dolinu Neretve,a upravo se u op\u0107ini Kula Norinska razvijaju novi vidovi turizma za dolinu Neretve, i to na na\u010din da se iskori\u0161tavaju ljepote i reljef njenoog kr\u0161kog i brdovitog podru\u010dja koje privla\u010di zaljubljenike u prirodu, \u0161etnje, pa \u010dak i alpinizam, a povijest podru\u010dja op\u0107ine Kula Norinska je prebogata od najranijih doba civilizacije pa do danas.<\/strong><\/p>\n<p style=\"text-align: justify;\">Temeljna strate\u0161ka odrednica u budu\u0107em razvoju turizma na podru\u010dju Op\u0107ine Kula Norinska je poticanje programa iz podru\u010dje turizma, u skladu sa odredbama, kriterijima i smjernicama Prostornog plana Dubrova\u010dko-neretvanske \u017eupanije, a sukladno programima Ministarstva mora, turizma, prometa i razvitka i Hrvatske turisti\u010dke zajednice.<\/p>\n<p style=\"text-align: justify;\">Stanje turisti\u010dke ponude u Op\u0107ini Kula Norinska je svake godine sve bolje i bolje te se proteklih par godina turizam prometnuo je jednu od najva\u017enijih gospodarskih grana op\u0107ine. Prirodne, kulturne i gospodarske karakteristike su u procesu valorizacije jer upravo one daju dobru osnovu za razvoj lovnog, seoskog (ekogastronomska ponuda, uklju\u010divanje posjetioca u svakodnevicu \u017eivota na imanju, mogu\u0107nost no\u0107enja), izletni\u010dkog, kulturno-edukativnog, sportsko-rekreacijskog, poslovnog, tranzitnog i ostalih vidova turizma.<\/p>\n<p style=\"text-align: justify;\">Turisti\u010dka ponuda op\u0107ine Kula Norinska je rezultat povezivanja svih turisti\u010dkih potencijala i subjekata, te osmi\u0161ljenog nastupa na tr\u017ei\u0161tu, orijentirana manjim grupama turista.<\/p>\n<p style=\"text-align: justify;\">Ovdje navodimo i osnovne turisti\u010dke kapacitete koji su se dokazali u turisti\u010dkoj ponudi:<\/p>\n<p style=\"text-align: justify;\"><a href=\"http:\/\/www.hotel-villa-neretva.com\/\" target=\"_blank\" rel=\"noopener\">HOTEL-RESTAURANT VILLA NERETVA KRVAVAC II<\/a><\/p>\n<p style=\"text-align: justify;\">Hotel i restoran, dobitnik velikog broja priznanja i nagrada, izme\u0111u ostalih i &#8220;Anton \u0160tafili\u0107 &#8211; najvi\u0161e dr\u017eavne nagrade za postignu\u0107e u turizmu. Osobito poznat po izletni\u010dkom turizmu &#8211; fotosafariju u mo\u010dvari u okviru kojeg ugosti preko 15.000 gostiju godi\u0161nje.<\/p>\n<p style=\"text-align: justify;\"><a href=\"http:\/\/www.restaurant-lopoc.com\/\" target=\"_blank\" rel=\"noopener\">RESTAURANT &#8220;LOPO\u010c&#8221; MOMI\u0106I<\/a><\/p>\n<p style=\"text-align: justify;\">Restoran u okviru kojeg se mogu dogovoriti i smje\u0161taj, dobitnik mnogobrojnih priznanja. Organizira izletni\u010dke ture u mo\u010dvaru rije\u010dicom Norin, lovne izlete, te planinarske izlete.<\/p>\n<p style=\"text-align: justify;\">Lovni turizam&nbsp;je takva vrsta turizma, koja ispunjava zahtjeve odr\u017eivog turizma \u0161to zna\u010di da (ako se planski i stru\u010dno provodi) donosi dobit, a ne ugro\u017eava prirodno i kulturno naslje\u0111e. Op\u0107ina Kula Norinska ima prirodne resurse kojima je, uz osmi\u0161ljenju marketin\u0161ku i promid\u017ebenu akciju, lovni turizam izdigla na mnogo kvalitetniju rezinu od one koja je na drugim podru\u010djima Republike Hrvatske.<\/p>\n<p style=\"text-align: justify;\">Interes za pru\u017eanje usluga doma\u0107im i stranim lovcima u okviru obiteljskih gospodarstva je ve\u0107 du\u017ee vremena izra\u017een (povezanost lovnog i seoskog turizma). Iskustvo koje posjeduju ta gospodarstva se iskori\u0161tava za daljnji legalni pristup toj djelatnosti.<\/p>\n<p style=\"text-align: justify;\">Seoski (ruralni) turizam&nbsp;je u po\u010detnim fazama razvitka na podru\u010dju Op\u0107ine Kula Norinska, a potencijali za razvoj postoje.<\/p>\n<p style=\"text-align: justify;\">Program razvoja turizma u ruralnom prostoru Dubrova\u010dko-neretvanske \u017eupanije temelji se na projektu Ministarstva mora, turizma, prometa i razvitka: &#8220;Program poticanja malog poduzetni\u0161tva s ciljem razvitka turizma u ruralnom prostoru&#8221; donesenom krajem 1997. godine. Ovaj program je uskla\u0111en i sa projektom Ministarstva mora, turizma, prometa i razvitka ORaTuRP (odr\u017eivi razvoj turizma u ruralnom prostoru), tako da u sklopu njega treba razvijati ovaj vid ponude na podru\u010dju Op\u0107ine Kula Norinska.<\/p>\n<p style=\"text-align: justify;\">O na\u0161oj op\u0107ini se osmi\u0161ljava i intenzivniji razvoj seoskog turizma, napose na podru\u010dju naselja Desne (izgradnja eko-sela) na povr\u0161ini od cca. 0,75ha.<\/p>\n<p style=\"text-align: justify;\">Kulturno-edukativni i izletni\u010dki turizam: Gastronomska ugostiteljska izleti\u0161ta su oblikovana u skladu s lokalnim ambijentom te su postigli iznimne uspjehe proteklih godina i postali okosnica razvoja turizma u na\u0161oj op\u0107ini.<\/p>\n<p style=\"text-align: justify;\">Takva izleti\u0161ta pru\u017eaju \u0161iroki spektar ponude u vidu mogu\u0107nosti za no\u0107enje, odvijanje poslovnih sastanaka i skupova, prostora za odr\u017eavanje sve\u010danosti, dru\u017eenja i razonodu, bavljenja nekim vidovima sporta i rekreacije.<\/p>\n<p style=\"text-align: justify;\">Op\u0107ina Kula Norinska potencira daljnji razvoj programa koji predstavljaju kulturnu ba\u0161tinu i obi\u010daje karakteristi\u010dne za podru\u010dje Op\u0107ine Kula Norinska i to putem&nbsp;KUD-ova &#8220;\u017dupa Bagalovi\u0107&#8221;, Krvavac; KUD &#8220;Udruga \u0160krapa&#8221; Momi\u0107i; Udruga za o\u010duvanje tradicijskih vrijednosti, Krvavac; Pokladno dru\u0161tvo, Krvavac&nbsp;s kojima uklopa kulturno-edukativnu i izletni\u010dku ponudu u cjelokupnu turisti\u010dku ponudu Op\u0107ine Kula Norinska i Dubrova\u010dko-neretvanske \u017eupanije.<\/p>\n<p style=\"text-align: justify;\">Sportsko rekreacijski turizam:&nbsp;Obzirom na porast interesa za vesla\u010dke sportove na podru\u010dju donjo-neretvanskog sliva op\u0107ina s posebnim interesom brine o odr\u017eavanju i potpori vesla\u010dkim sportovima, podr\u017eavaju\u0107i time najzna\u010dajniju manifstaciju u Dalmaciji &#8211; Maraton la\u0111a koji zahtjeva ve\u0107i broj smje\u0161tajnih kapaciteta u kratkom vremenskom razdoblju, pa je neophodno aktivirati i seoska gospodarstva u tu svrhu.<\/p>\n<\/div>\n","protected":false},"excerpt":{"rendered":"<p>Znaja\u010dajna gospodarska aktivnost se razvija upravo podru\u010dju turizma, pa tako op\u0107ina ima hotelrestoran,&nbsp; restoran i nekoliko drugih ugostiteljskih objekata koji rade cijele godine. Turizam se razvija najvi\u0161e kroz fotosafari turizam u \u010demu je op\u0107ina Kula Norinska vode\u0107a u dolini Neretve, ali i znatno \u0161ire s&#8230;<\/p>\n","protected":false},"author":1,"featured_media":0,"parent":488,"menu_order":103,"comment_status":"closed","ping_status":"open","template":"","meta":{"_monsterinsights_skip_tracking":false,"_monsterinsights_sitenote_active":false,"_monsterinsights_sitenote_note":"","_monsterinsights_sitenote_category":0,"ngg_post_thumbnail":0},"_links":{"self":[{"href":"https:\/\/kulanorinska.hr\/index.php?rest_route=\/wp\/v2\/pages\/1318"}],"collection":[{"href":"https:\/\/kulanorinska.hr\/index.php?rest_route=\/wp\/v2\/pages"}],"about":[{"href":"https:\/\/kulanorinska.hr\/index.php?rest_route=\/wp\/v2\/types\/page"}],"author":[{"embeddable":true,"href":"https:\/\/kulanorinska.hr\/index.php?rest_route=\/wp\/v2\/users\/1"}],"replies":[{"embeddable":true,"href":"https:\/\/kulanorinska.hr\/index.php?rest_route=%2Fwp%2Fv2%2Fcomments&post=1318"}],"version-history":[{"count":1,"href":"https:\/\/kulanorinska.hr\/index.php?rest_route=\/wp\/v2\/pages\/1318\/revisions"}],"predecessor-version":[{"id":7909,"href":"https:\/\/kulanorinska.hr\/index.php?rest_route=\/wp\/v2\/pages\/1318\/revisions\/7909"}],"up":[{"embeddable":true,"href":"https:\/\/kulanorinska.hr\/index.php?rest_route=\/wp\/v2\/pages\/488"}],"wp:attachment":[{"href":"https:\/\/kulanorinska.hr\/index.php?rest_route=%2Fwp%2Fv2%2Fmedia&parent=1318"}],"curies":[{"name":"wp","href":"https:\/\/api.w.org\/{rel}","templated":true}]}}