{"id":1347,"date":"2011-02-04T21:37:19","date_gmt":"2011-02-04T20:37:19","guid":{"rendered":"http:\/\/kulanorinska.hr.win7.mojsite.com\/web\/?page_id=1347"},"modified":"2018-09-13T06:35:51","modified_gmt":"2018-09-13T04:35:51","slug":"telekomunikacije","status":"publish","type":"page","link":"https:\/\/kulanorinska.hr\/?page_id=1347","title":{"rendered":"Telekomunikacije"},"content":{"rendered":"<div>\n<p style=\"text-align: justify;\">Na podru\u010dju Op\u0107ine Kula Norinska postoje udaljeni pretplatni\u010dki stupnji u naseljima Kula Norinska, Nova Sela i Desne, te bazne stanice T-Mobile i VIP-NET mre\u017ee u Novim Selima.<\/p>\n<p style=\"text-align: justify;\">Tehni\u010dka opremljenost podru\u010dja Op\u0107ine je 100% &#8211; opti\u010dki kabel koji dopu\u0161ta pro\u0161irenja, nema naselja na podru\u010dju Op\u0107ine koje nema telefonski priklju\u010dak te postoji mogu\u0107nost pro\u0161irenja telefonske centrale.<\/p>\n<p style=\"text-align: justify;\">Internet priklju\u010dak ima 20% stanovni\u0161tva Op\u0107ine te je od velike va\u017enosti razvijati informati\u010dku pismenost stanovni\u0161tva.<\/p>\n<\/div>\n","protected":false},"excerpt":{"rendered":"<p>Na podru\u010dju Op\u0107ine Kula Norinska postoje udaljeni pretplatni\u010dki stupnji u naseljima Kula Norinska, Nova Sela i Desne, te bazne stanice T-Mobile i VIP-NET mre\u017ee u Novim Selima. Tehni\u010dka opremljenost podru\u010dja Op\u0107ine je 100% &#8211; opti\u010dki kabel koji dopu\u0161ta pro\u0161irenja, nema naselja na podru\u010dju Op\u0107ine koje&#8230;<\/p>\n","protected":false},"author":1,"featured_media":0,"parent":488,"menu_order":113,"comment_status":"closed","ping_status":"open","template":"","meta":{"_monsterinsights_skip_tracking":false,"_monsterinsights_sitenote_active":false,"_monsterinsights_sitenote_note":"","_monsterinsights_sitenote_category":0,"ngg_post_thumbnail":0},"_links":{"self":[{"href":"https:\/\/kulanorinska.hr\/index.php?rest_route=\/wp\/v2\/pages\/1347"}],"collection":[{"href":"https:\/\/kulanorinska.hr\/index.php?rest_route=\/wp\/v2\/pages"}],"about":[{"href":"https:\/\/kulanorinska.hr\/index.php?rest_route=\/wp\/v2\/types\/page"}],"author":[{"embeddable":true,"href":"https:\/\/kulanorinska.hr\/index.php?rest_route=\/wp\/v2\/users\/1"}],"replies":[{"embeddable":true,"href":"https:\/\/kulanorinska.hr\/index.php?rest_route=%2Fwp%2Fv2%2Fcomments&post=1347"}],"version-history":[{"count":1,"href":"https:\/\/kulanorinska.hr\/index.php?rest_route=\/wp\/v2\/pages\/1347\/revisions"}],"predecessor-version":[{"id":7916,"href":"https:\/\/kulanorinska.hr\/index.php?rest_route=\/wp\/v2\/pages\/1347\/revisions\/7916"}],"up":[{"embeddable":true,"href":"https:\/\/kulanorinska.hr\/index.php?rest_route=\/wp\/v2\/pages\/488"}],"wp:attachment":[{"href":"https:\/\/kulanorinska.hr\/index.php?rest_route=%2Fwp%2Fv2%2Fmedia&parent=1347"}],"curies":[{"name":"wp","href":"https:\/\/api.w.org\/{rel}","templated":true}]}}