{"id":1349,"date":"2011-02-04T21:37:59","date_gmt":"2011-02-04T20:37:59","guid":{"rendered":"http:\/\/kulanorinska.hr.win7.mojsite.com\/web\/?page_id=1349"},"modified":"2018-09-13T06:37:51","modified_gmt":"2018-09-13T04:37:51","slug":"zdravstvo-i-socijalna-skrb","status":"publish","type":"page","link":"https:\/\/kulanorinska.hr\/?page_id=1349","title":{"rendered":"Zdravstvo i socijalna skrb"},"content":{"rendered":"<div>\n<p style=\"text-align: justify;\">Zdravstvo &#8211; zdravstvena djelatnost na podru\u010dju Op\u0107ine Kula Norinska obavlja se u okviru Dubrova\u010dko-neretvanske \u017eupanije putem zdravstvene ustanove u vlasni\u0161tvu \u017eupanije. Na podru\u010dju Op\u0107ine djeluje Dom zdravlja Metkovi\u0107. Djelatnost Doma zdravlja obuhva\u0107a: op\u0107u medicinu, zdravstvenu za\u0161titu \u017eena i djece i zubozdravstvenu za\u0161titu.<\/p>\n<p style=\"text-align: justify;\">Socijalna skrb &#8211; ustroj i mre\u017ea socijalne skrbi u Op\u0107ini prati ustroj socijalne skrbi na nivou Dr\u017eave i \u017dupanije.<\/p>\n<\/div>\n","protected":false},"excerpt":{"rendered":"<p>Zdravstvo &#8211; zdravstvena djelatnost na podru\u010dju Op\u0107ine Kula Norinska obavlja se u okviru Dubrova\u010dko-neretvanske \u017eupanije putem zdravstvene ustanove u vlasni\u0161tvu \u017eupanije. Na podru\u010dju Op\u0107ine djeluje Dom zdravlja Metkovi\u0107. Djelatnost Doma zdravlja obuhva\u0107a: op\u0107u medicinu, zdravstvenu za\u0161titu \u017eena i djece i zubozdravstvenu za\u0161titu. Socijalna skrb &#8211;&#8230;<\/p>\n","protected":false},"author":1,"featured_media":0,"parent":488,"menu_order":114,"comment_status":"closed","ping_status":"open","template":"","meta":{"_monsterinsights_skip_tracking":false,"_monsterinsights_sitenote_active":false,"_monsterinsights_sitenote_note":"","_monsterinsights_sitenote_category":0,"ngg_post_thumbnail":0},"_links":{"self":[{"href":"https:\/\/kulanorinska.hr\/index.php?rest_route=\/wp\/v2\/pages\/1349"}],"collection":[{"href":"https:\/\/kulanorinska.hr\/index.php?rest_route=\/wp\/v2\/pages"}],"about":[{"href":"https:\/\/kulanorinska.hr\/index.php?rest_route=\/wp\/v2\/types\/page"}],"author":[{"embeddable":true,"href":"https:\/\/kulanorinska.hr\/index.php?rest_route=\/wp\/v2\/users\/1"}],"replies":[{"embeddable":true,"href":"https:\/\/kulanorinska.hr\/index.php?rest_route=%2Fwp%2Fv2%2Fcomments&post=1349"}],"version-history":[{"count":1,"href":"https:\/\/kulanorinska.hr\/index.php?rest_route=\/wp\/v2\/pages\/1349\/revisions"}],"predecessor-version":[{"id":7922,"href":"https:\/\/kulanorinska.hr\/index.php?rest_route=\/wp\/v2\/pages\/1349\/revisions\/7922"}],"up":[{"embeddable":true,"href":"https:\/\/kulanorinska.hr\/index.php?rest_route=\/wp\/v2\/pages\/488"}],"wp:attachment":[{"href":"https:\/\/kulanorinska.hr\/index.php?rest_route=%2Fwp%2Fv2%2Fmedia&parent=1349"}],"curies":[{"name":"wp","href":"https:\/\/api.w.org\/{rel}","templated":true}]}}