{"id":496,"date":"2010-10-28T13:47:37","date_gmt":"2010-10-28T11:47:37","guid":{"rendered":"http:\/\/kulanorinska.hr.win7.mojsite.com\/web\/?page_id=496"},"modified":"2018-09-12T14:14:24","modified_gmt":"2018-09-12T12:14:24","slug":"galerija","status":"publish","type":"page","link":"https:\/\/kulanorinska.hr\/?page_id=496","title":{"rendered":"Galerije"},"content":{"rendered":"<ul class=\"ngg-breadcrumbs\">\n    <\/ul>\n<div class=\"ngg-albumoverview\">\t\n\t<!-- List of galleries -->\n\t\n\t<div class=\"ngg-album\">\n\t\t<div class=\"ngg-albumtitle\"><a href=\"https:\/\/kulanorinska.hr\/index.php\/nggallery\/maraton-lada\/Maraton-la\u0111a?page_id=496\">Maraton la\u0111a<\/a><\/div>\n\t\t\t<div class=\"ngg-albumcontent\">\n\t\t\t\t<div class=\"ngg-thumbnail\">\n\t\t\t\t\t<a href=\"https:\/\/kulanorinska.hr\/index.php\/nggallery\/maraton-lada\/Maraton-la\u0111a?page_id=496\"><img class=\"Thumb\" alt=\"Maraton la\u0111a\" src=\"https:\/\/kulanorinska.hr\/wp-content\/gallery\/maraton-lada\/cache\/dsc00298.jpg-nggid03152-ngg0dyn-91x68-00f0w010c011r110f110r010t010.jpg\"\/><\/a>\n\t\t\t\t<\/div>\n\t\t\t\t<div class=\"ngg-description\">\n\t\t\t\t<p><\/p>\n\t\t\t\t\t\t\t\t<p class=\"ngg-album-gallery-image-counter\"><strong>5<\/strong>&nbsp;Photos<\/p>\n\t\t\t\t\t\t\t<\/div>\n\t\t<\/div>\n\t<\/div>\n\n \t \t\n\t<!-- Pagination -->\n \t<div class='ngg-clear'><\/div> \t\n<\/div>\n\n\n<ul class=\"ngg-breadcrumbs\">\n    <\/ul>\n<div class=\"ngg-albumoverview\">\t\n\t<!-- List of galleries -->\n\t\n\t<div class=\"ngg-album\">\n\t\t<div class=\"ngg-albumtitle\"><a href=\"https:\/\/kulanorinska.hr\/index.php\/nggallery\/zupna-crkva\/\u017dupna-crkva?page_id=496\">\u017dupna crkva<\/a><\/div>\n\t\t\t<div class=\"ngg-albumcontent\">\n\t\t\t\t<div class=\"ngg-thumbnail\">\n\t\t\t\t\t<a href=\"https:\/\/kulanorinska.hr\/index.php\/nggallery\/zupna-crkva\/\u017dupna-crkva?page_id=496\"><img class=\"Thumb\" alt=\"\u017dupna crkva\" src=\"https:\/\/kulanorinska.hr\/wp-content\/gallery\/zupna-crkva\/cache\/3.jpg-nggid03134-ngg0dyn-91x68-00f0w010c011r110f110r010t010.jpg\"\/><\/a>\n\t\t\t\t<\/div>\n\t\t\t\t<div class=\"ngg-description\">\n\t\t\t\t<p><\/p>\n\t\t\t\t\t\t\t\t<p class=\"ngg-album-gallery-image-counter\"><strong>18<\/strong>&nbsp;Photos<\/p>\n\t\t\t\t\t\t\t<\/div>\n\t\t<\/div>\n\t<\/div>\n\n \t \t\n\t<!-- Pagination -->\n \t<div class='ngg-clear'><\/div> \t\n<\/div>\n\n\n<ul class=\"ngg-breadcrumbs\">\n    <\/ul>\n<div class=\"ngg-albumoverview\">\t\n\t<!-- List of galleries -->\n\t\n\t<div class=\"ngg-album\">\n\t\t<div class=\"ngg-albumtitle\"><a href=\"https:\/\/kulanorinska.hr\/index.php\/nggallery\/kula-norin\/Kula-Norin?page_id=496\">Kula Norin<\/a><\/div>\n\t\t\t<div class=\"ngg-albumcontent\">\n\t\t\t\t<div class=\"ngg-thumbnail\">\n\t\t\t\t\t<a href=\"https:\/\/kulanorinska.hr\/index.php\/nggallery\/kula-norin\/Kula-Norin?page_id=496\"><img class=\"Thumb\" alt=\"Kula Norin\" src=\"https:\/\/kulanorinska.hr\/wp-content\/gallery\/kula-norin\/cache\/Kula-Norin-Utvrda.jpg-nggid03261-ngg0dyn-91x68-00f0w010c011r110f110r010t010.jpg\"\/><\/a>\n\t\t\t\t<\/div>\n\t\t\t\t<div class=\"ngg-description\">\n\t\t\t\t<p><\/p>\n\t\t\t\t\t\t\t\t<p class=\"ngg-album-gallery-image-counter\"><strong>17<\/strong>&nbsp;Photos<\/p>\n\t\t\t\t\t\t\t<\/div>\n\t\t<\/div>\n\t<\/div>\n\n \t \t\n\t<!-- Pagination -->\n \t<div class='ngg-clear'><\/div> \t\n<\/div>\n\n\n<ul class=\"ngg-breadcrumbs\">\n    <\/ul>\n<div class=\"ngg-albumoverview\">\t\n\t<!-- List of galleries -->\n\t\n\t<div class=\"ngg-album\">\n\t\t<div class=\"ngg-albumtitle\"><a href=\"https:\/\/kulanorinska.hr\/index.php\/nggallery\/opcina-kula-norinska\/Op\u0107ina-Kula-Norinska?page_id=496\">Op\u0107ina Kula Norinska<\/a><\/div>\n\t\t\t<div class=\"ngg-albumcontent\">\n\t\t\t\t<div class=\"ngg-thumbnail\">\n\t\t\t\t\t<a href=\"https:\/\/kulanorinska.hr\/index.php\/nggallery\/opcina-kula-norinska\/Op\u0107ina-Kula-Norinska?page_id=496\"><img class=\"Thumb\" alt=\"Op\u0107ina Kula Norinska\" src=\"https:\/\/kulanorinska.hr\/wp-content\/gallery\/opcina-kula-norinska\/cache\/1.jpg-nggid0296-ngg0dyn-91x68-00f0w010c011r110f110r010t010.jpg\"\/><\/a>\n\t\t\t\t<\/div>\n\t\t\t\t<div class=\"ngg-description\">\n\t\t\t\t<p><\/p>\n\t\t\t\t\t\t\t\t<p class=\"ngg-album-gallery-image-counter\"><strong>11<\/strong>&nbsp;Photos<\/p>\n\t\t\t\t\t\t\t<\/div>\n\t\t<\/div>\n\t<\/div>\n\n \t \t\n\t<!-- Pagination -->\n \t<div class='ngg-clear'><\/div> \t\n<\/div>\n\n\n<ul class=\"ngg-breadcrumbs\">\n    <\/ul>\n<div class=\"ngg-albumoverview\">\t\n\t<!-- List of galleries -->\n\t\n\t<div class=\"ngg-album\">\n\t\t<div class=\"ngg-albumtitle\"><a href=\"https:\/\/kulanorinska.hr\/index.php\/nggallery\/dolina-neretve\/Dolina-Neretve?page_id=496\">Dolina Neretve<\/a><\/div>\n\t\t\t<div class=\"ngg-albumcontent\">\n\t\t\t\t<div class=\"ngg-thumbnail\">\n\t\t\t\t\t<a href=\"https:\/\/kulanorinska.hr\/index.php\/nggallery\/dolina-neretve\/Dolina-Neretve?page_id=496\"><img class=\"Thumb\" alt=\"Dolina Neretve\" src=\"https:\/\/kulanorinska.hr\/wp-content\/gallery\/dolina-neretve\/cache\/15.jpg-nggid011-ngg0dyn-91x68-00f0w010c011r110f110r010t010.jpg\"\/><\/a>\n\t\t\t\t<\/div>\n\t\t\t\t<div class=\"ngg-description\">\n\t\t\t\t<p><\/p>\n\t\t\t\t\t\t\t\t<p class=\"ngg-album-gallery-image-counter\"><strong>95<\/strong>&nbsp;Photos<\/p>\n\t\t\t\t\t\t\t<\/div>\n\t\t<\/div>\n\t<\/div>\n\n \t \t\n\t<!-- Pagination -->\n \t<div class='ngg-clear'><\/div> \t\n<\/div>\n\n\n","protected":false},"excerpt":{"rendered":"Maraton la\u0111a 5&nbsp;Photos \u017dupna crkva 18&nbsp;Photos Kula Norin 17&nbsp;Photos Op\u0107ina Kula Norinska 11&nbsp;Photos Dolina Neretve 95&nbsp;Photos","protected":false},"author":1,"featured_media":0,"parent":0,"menu_order":5,"comment_status":"closed","ping_status":"closed","template":"","meta":{"_monsterinsights_skip_tracking":false,"_monsterinsights_sitenote_active":false,"_monsterinsights_sitenote_note":"","_monsterinsights_sitenote_category":0,"ngg_post_thumbnail":0},"_links":{"self":[{"href":"https:\/\/kulanorinska.hr\/index.php?rest_route=\/wp\/v2\/pages\/496"}],"collection":[{"href":"https:\/\/kulanorinska.hr\/index.php?rest_route=\/wp\/v2\/pages"}],"about":[{"href":"https:\/\/kulanorinska.hr\/index.php?rest_route=\/wp\/v2\/types\/page"}],"author":[{"embeddable":true,"href":"https:\/\/kulanorinska.hr\/index.php?rest_route=\/wp\/v2\/users\/1"}],"replies":[{"embeddable":true,"href":"https:\/\/kulanorinska.hr\/index.php?rest_route=%2Fwp%2Fv2%2Fcomments&post=496"}],"version-history":[{"count":1,"href":"https:\/\/kulanorinska.hr\/index.php?rest_route=\/wp\/v2\/pages\/496\/revisions"}],"predecessor-version":[{"id":7899,"href":"https:\/\/kulanorinska.hr\/index.php?rest_route=\/wp\/v2\/pages\/496\/revisions\/7899"}],"wp:attachment":[{"href":"https:\/\/kulanorinska.hr\/index.php?rest_route=%2Fwp%2Fv2%2Fmedia&parent=496"}],"curies":[{"name":"wp","href":"https:\/\/api.w.org\/{rel}","templated":true}]}}