{"id":9998,"date":"2022-03-25T12:20:20","date_gmt":"2022-03-25T11:20:20","guid":{"rendered":"https:\/\/kulanorinska.hr\/?page_id=9998"},"modified":"2026-04-23T09:39:21","modified_gmt":"2026-04-23T07:39:21","slug":"informiranje-i-pravo-na-pristup-informacijama","status":"publish","type":"page","link":"https:\/\/kulanorinska.hr\/?page_id=9998","title":{"rendered":"INFORMIRANJE I PRAVO NA PRISTUP INFORMACIJAMA"},"content":{"rendered":"<div class=\"td-page-header\">\n<h1 class=\"entry-title td-page-title\">Pravo na pristup informacijama i ponovnu uporabu informacija<\/h1>\n<\/div>\n<div class=\"td-page-content\">\n<p><strong>Obavijest o na\u010dinu i uvjetima ostvarivanja prava na pristup informacijama i ponovnu uporabu informacija<\/strong><\/p>\n<p>Zakonom o pravu na pristup informacijama NN&nbsp;<a href=\"http:\/\/www.zakon.hr\/cms.htm?id=12099\">25\/13<\/a>,&nbsp;<a href=\"http:\/\/www.zakon.hr\/cms.htm?id=12101\">85\/15&nbsp;&nbsp;<\/a>ure\u0111uje se&nbsp; pravo na pristup informacijama i ponovnu uporabu informacija koje posjeduju tijela javne vlasti, propisuju se na\u010dela, ograni\u010denja, postupak i na\u010din ostvarivanja i olak\u0161avanja pristupa i ponovne uporabe informacija. Cilj ovog Zakona je omogu\u0107iti i osigurati ostvarivanje Ustavom Republike Hrvatske zajam\u010denog prava na pristup informacijama, kao i na ponovnu uporabu informacija fizi\u010dkim i pravnim osobama putem otvorenosti i javnosti djelovanja tijela javne vlasti.<\/p>\n<p><u>Pravo na pristup informacijama obuhva\u0107a pravo korisnika na tra\u017eenje i dobivanje informacije kao i obvezu tijela javne vlasti da omogu\u0107i pristup zatra\u017eenoj informaciji, odnosno da objavljuje informacije neovisno o postavljenom zahtjevu kada takvo objavljivanje proizlazi iz obveze odre\u0111ene zakonom ili drugim propisom.<\/u><\/p>\n<ul>\n<li><strong><u>INFORMACIJA<\/u><\/strong>&nbsp;je svaki podatak koji posjeduje tijelo javne vlasti u obliku dokumenta, zapisa, dosjea, registra, neovisno o na\u010dinu na koji je prikazan (napisani, nacrtani, tiskani, snimljeni, magnetni, opti\u010dki, elektroni\u010dki ili neki drugi zapis), koji je tijelo izradilo samo ili u suradnji s drugim tijelima ili dobilo od druge osobe, a nastao je u okviru djelokruga ili u vezi s organizacijom i radom tijela javne vlasti.<\/li>\n<li><strong><u>PONOVNA UPORABA<\/u><\/strong> zna\u010di uporabu informacija tijela javne vlasti od strane fizi\u010dkih ili pravnih osoba, u komercijalnu ili nekomercijalnu svrhu razli\u010ditu od izvorne svrhe za koju su informacije nastale, a koja se ostvaruje u okviru zakonom ili drugim propisom odre\u0111enog djelokruga ili posla koji se uobi\u010dajeno smatra javnim poslom. Razmjena informacija izme\u0111u tijela javne vlasti radi obavljanja poslova iz njihova djelokruga ne predstavlja ponovnu uporabu. Pravo na ponovnu uporabu informacija ostvaruje se podno\u0161enjem zahtjeva. Uvjeti za ponovnu uporabu informacija opisani su u \u010dl. 19., 20. i 21. Zakona o izmjenama i dopunama Zakona o pravu na pristup informacija (Narodne novine, br.&nbsp;<a href=\"http:\/\/narodne-novine.nn.hr\/clanci\/sluzbeni\/2015_08_85_1649.html\">85\/15<\/a>).<\/li>\n<\/ul>\n<p><strong>\u0160to se ne smatra zahtjevom za pristup informacijama<\/strong><\/p>\n<p>Ne smatra se zahtjevom za pristup informacijama tra\u017eenje uvida u cjelokupni spis predmeta, obja\u0161njenja ili uputa vezanih uz ostvarivanje nekog prava ili izvr\u0161avanje obveze, izrade analize ili tuma\u010denja nekog propisa, kao ni stvaranje nove informacije.<\/p>\n<p><strong>Slu\u017ebenik za informiranje<\/strong><\/p>\n<p>Tijelo javne vlasti obvezno je radi osiguravanja prava na pristup informacijama donijeti odluku kojom \u0107e odrediti posebnu slu\u017ebenu osobu mjerodavnu za rje\u0161avanje ostvarivanja prava na pristup informacijama.<\/p>\n<p><strong><u>Podaci o slu\u017ebeniku za informiranje:<\/u><\/strong><\/p>\n<table>\n<tbody>\n<tr>\n<td><strong>MERI DOKO<\/strong><br \/>\n<strong>RUJNI\u010cKA 1, 20341 KULA NORINSKA, Hrvatska<\/strong><br \/>\n<strong>Tel.: +385 (0) 20\/693-527<\/strong><br \/>\n<strong>E-mail slu\u017ebenika za informiranje: kula.norinska@du.t-com.hr<\/strong><br \/>\n<strong>Uredovno vrijeme za rad sa strankama odre\u0111uje se od ponedjeljka do petka od 08:00 do 12:00 sati.<\/strong><\/td>\n<\/tr>\n<\/tbody>\n<\/table>\n<h1>&nbsp;<\/h1>\n<h1><span style=\"font-size: 18pt;\">Oglasna plo\u010da:<\/span><\/h1>\n<h1><span style=\"font-size: 10pt;\"><a href=\"https:\/\/kulanorinska.hr\/wp-content\/uploads\/2026\/04\/RJESENJE_O_OTVARANJU_POJEDINACNOG_ISPRAVNOG_POSTUPKA_185425134.pdf\">RJESENJE_O_OTVARANJU_POJEDINACNOG_ISPRAVNOG_POSTUPKA_185425134<\/a><\/span><\/h1>\n<h1><span style=\"font-size: 10pt;\"><a href=\"https:\/\/kulanorinska.hr\/wp-content\/uploads\/2026\/04\/Z-rj-ispravak-dosjelost-RH-k.o.-Opuzen-II-Z-460-2026.pdf\">Z rj ispravak dosjelost RH k.o. Opuzen II Z-460-2026<\/a><\/span><\/h1>\n<h1><span style=\"font-size: 10pt;\"><a href=\"https:\/\/kulanorinska.hr\/wp-content\/uploads\/2026\/04\/RJESENJE_O_POJEDINACNOM_ISPRAVNOM_POSTUPKU_185161619.pdf\">RJESENJE_O_POJEDINACNOM_ISPRAVNOM_POSTUPKU_185161619<\/a><\/span><\/h1>\n<h1><span style=\"font-size: 10pt;\"><a href=\"https:\/\/kulanorinska.hr\/wp-content\/uploads\/2026\/04\/RJESENJE_O_OTVARANJU_POJEDINACNOG_ISPRAVNOG_POSTUPKA_185087838.pdf\">RJESENJE_O_OTVARANJU_POJEDINACNOG_ISPRAVNOG_POSTUPKA_185087838<\/a><\/span><\/h1>\n<h1><span style=\"font-size: 10pt;\"><a href=\"https:\/\/kulanorinska.hr\/wp-content\/uploads\/2026\/01\/z-5087-2025-otvaranje.pdf\">z 5087 2025 otvaranje<\/a><\/span><\/h1>\n<h1><span style=\"font-size: 10pt;\"><a href=\"https:\/\/kulanorinska.hr\/wp-content\/uploads\/2026\/01\/RJESENJE_O_POJEDINACNOM_ISPRAVNOM_POSTUPKU_180934544-2.pdf\">RJESENJE_O_POJEDINACNOM_ISPRAVNOM_POSTUPKU_180934544 (2)<\/a><\/span><\/h1>\n<h1><span style=\"font-size: 10pt;\"><a href=\"https:\/\/kulanorinska.hr\/wp-content\/uploads\/2025\/10\/Z-rj-otvaranje-k.o.Desne-Z-4424-2025.pdf\">Z rj otvaranje k.o.Desne Z-4424-2025<\/a><\/span><\/h1>\n<h1><span style=\"font-size: 10pt;\"><a href=\"https:\/\/kulanorinska.hr\/wp-content\/uploads\/2025\/09\/Z-3864-25-RJESENJE_O_OTVARANJU_POJEDINACNOG_ISPRAVNOG_POSTUPKA_178004084.pdf\">Z 3864 25 RJESENJE_O_OTVARANJU_POJEDINACNOG_ISPRAVNOG_POSTUPKA_<\/a><\/span><span style=\"font-size: 10pt;\"><a href=\"https:\/\/kulanorinska.hr\/wp-content\/uploads\/2025\/09\/Z-3864-25-RJESENJE_O_OTVARANJU_POJEDINACNOG_ISPRAVNOG_POSTUPKA_178004084.pdf\">178004084<\/a><\/span><\/h1>\n<h1><span style=\"font-size: 14pt;\"><a href=\"https:\/\/kulanorinska.hr\/wp-content\/uploads\/2025\/09\/z-1974-25-rjesenje-1.pdf\">z 1974 25 rje\u0161enje<\/a><\/span><\/h1>\n<h1><span style=\"font-size: 14pt;\"><a href=\"https:\/\/kulanorinska.hr\/wp-content\/uploads\/2025\/09\/Zakljucak-o-odredivanju-ocevida.pdf\">Zaklju\u010dak o odre\u0111ivanju o\u010devida<\/a><\/span><\/h1>\n<p><a href=\"https:\/\/kulanorinska.hr\/wp-content\/uploads\/2025\/09\/Podnesak-ODO-Metkovic-Stipe-Dominikovic.pdf\">Podnesak ODO Metkovi\u0107 &#8211; Stipe Dominikovi\u0107<\/a><\/p>\n<p><a href=\"https:\/\/kulanorinska.hr\/wp-content\/uploads\/2025\/09\/zis-717-25-RJESENJE_O_OTVARANJU_POJEDINACNOG_ISPRAVNOG_POSTUPKA_177317482.pdf\"> RJESENJE_O_OTVARANJU_POJEDINACNOG_ISPRAVNOG_POSTUPKA_177317482<\/a><\/p>\n<p><a href=\"https:\/\/kulanorinska.hr\/wp-content\/uploads\/2025\/09\/z-rj-otvaranje-k.o.-Desne-RH-i-fizicke-Z-3712-2025.pdf\">z rj otvaranje k.o. Desne &#8211; RH i fizi\u010dke Z-3712-2025<\/a><\/p>\n<p><a href=\"https:\/\/kulanorinska.hr\/wp-content\/uploads\/2025\/09\/PRIJEDLOG_ZA_OTVARANJE_POJEDINACNOG_ISPRAVNOG_POSTUPKA_175972860-2.pdf\">PRIJEDLOG_ZA_OTVARANJE_POJEDINACNOG_ISPRAVNOG_POSTUPKA_175972860 (2)<\/a><\/p>\n<p><a href=\"https:\/\/kulanorinska.hr\/wp-content\/uploads\/2025\/09\/Prilozi-Stipe-Dominikovic-pojedinalni-ispravni-postupak.pdf\">Prilozi Stipe Dominikovi\u0107 &#8211; pojedinalni ispravni postupak<\/a><\/p>\n<p><a href=\"https:\/\/kulanorinska.hr\/wp-content\/uploads\/2025\/09\/UGOVOR_O_KUPOPRODAJI_176599268-1.pdf\">UGOVOR_O_KUPOPRODAJI_176599268 (1)<\/a><\/p>\n<\/div>\n<p><a href=\"https:\/\/kulanorinska.hr\/wp-content\/uploads\/2025\/05\/RJESENJE_O_POJEDINACNOM_ISPRAVNOM_POSTUPKU_173741824.pdf\">RJESENJE_O_POJEDINACNOM_ISPRAVNOM_POSTUPKU_173741824<\/a><\/p>\n<p><a href=\"https:\/\/kulanorinska.hr\/wp-content\/uploads\/2025\/04\/RJESENJE_O_POJEDINACNOM_ISPRAVNOM_POSTUPKU_172097175-1-1.pdf\">RJESENJE_O_POJEDINACNOM_ISPRAVNOM_POSTUPKU_172097175 (1)<\/a><a style=\"font-size: 12pt;\" href=\"https:\/\/kulanorinska.hr\/wp-content\/uploads\/2024\/03\/rj-Z-otvaranje-Z-274-24.pdf\">rj Z otvaranje Z-274-24<\/a><\/p>\n<p><span style=\"font-size: 12pt;\"><a href=\"https:\/\/kulanorinska.hr\/wp-content\/uploads\/2024\/03\/rj-Z-otvaranje-243-2024.pdf\">rj Z otvaranje 243-24<\/a><\/span><span style=\"font-size: 12pt;\"><a href=\"https:\/\/kulanorinska.hr\/wp-content\/uploads\/2024\/02\/RJESENJE_O_POJEDINACNOM_ISPRAVNOM_POSTUPKU_157920457-1.pdf\">RJESENJE_O_POJEDINACNOM_ISPRAVNOM_POSTUPKU_157920457 (1)<\/a><a href=\"https:\/\/kulanorinska.hr\/wp-content\/uploads\/2024\/02\/RJESENJE_O_POJEDINACNOM_ISPRAVNOM_POSTUPKU_157920457.pdf\">RJESENJE_O_POJEDINACNOM_ISPRAVNOM_POSTUPKU_157920457<\/a><\/span><\/p>\n<p><a style=\"font-size: 12pt;\" href=\"https:\/\/kulanorinska.hr\/wp-content\/uploads\/2024\/02\/z-218-23-rj.pdf\">z 218 23 rj<\/a><\/p>\n<p><a style=\"font-size: 12pt;\" href=\"https:\/\/kulanorinska.hr\/wp-content\/uploads\/2024\/01\/rj-Z-otvaranje-Z-2931-2023-Desne.pdf\">rj Z otvaranje Z-2931-2023 Desne<\/a><\/p>\n<p><a style=\"font-size: 12pt;\" href=\"https:\/\/kulanorinska.hr\/wp-content\/uploads\/2024\/01\/rj-Z-ispravak-Metkovic-Z-2436-2023.pdf\">rj Z ispravak Metkovi\u0107 Z-2436-2023<\/a><\/p>\n<div class=\"td-page-content\">\n<h1><span style=\"font-size: 12pt;\"><a href=\"https:\/\/kulanorinska.hr\/wp-content\/uploads\/2024\/01\/rj-Z-otvaranje-Z-2153-2023.pdf\">rj Z otvaranje Z-2153-2023<\/a><\/span><\/h1>\n<h1><span style=\"font-size: 12pt;\"><a href=\"https:\/\/kulanorinska.hr\/wp-content\/uploads\/2023\/07\/Z-poziv-Z-527-2023-Tihomir-Setka-RH.pdf\">Z poziv Z-527-2023 Tihomir \u0160etka- RH<\/a><\/span><\/h1>\n<h1><span style=\"font-size: 12pt;\"><a href=\"https:\/\/kulanorinska.hr\/wp-content\/uploads\/2023\/07\/Z-poziv-Z-2593-2022-Ante-Bjelis-RH-i-dr_.pdf\">Z poziv Z-2593-2022 Ante Bjeli\u0161-RH i dr_<\/a><\/span><\/h1>\n<\/div>\n<p>&nbsp;<\/p>\n<h1><span style=\"font-size: 12pt;\"><a href=\"https:\/\/kulanorinska.hr\/wp-content\/uploads\/2023\/08\/Obrazac-2-Zahtjev-za-pristup-informacijama.docx\">Obrazac 2 &#8211; Zahtjev za pristup inform<\/a><\/span><span style=\"font-size: 12pt;\"><a href=\"https:\/\/kulanorinska.hr\/wp-content\/uploads\/2023\/08\/Obrazac-2-Zahtjev-za-pristup-informacijama.docx\">acijama<\/a>&nbsp;<\/span><\/h1>\n<p><a href=\"https:\/\/kulanorinska.hr\/wp-content\/uploads\/2023\/08\/Obrazac-3-Zahtjev-za-dopunu-ili-ispravak-informacije.docx\">Obrazac 3 &#8211; Zahtjev za dopunu ili ispravak informacije<\/a>&nbsp;<\/p>\n<p><a href=\"https:\/\/kulanorinska.hr\/wp-content\/uploads\/2023\/08\/Obrazac-4-Zahtjev-za-ponovnu-uporabu-informacije.docx\">Obrazac 4- Zahtjev za ponovnu uporabu informacije<\/a><\/p>\n<p>&nbsp;<\/p>\n<h1><span style=\"font-size: 12pt;\"><a href=\"https:\/\/kulanorinska.hr\/wp-content\/uploads\/2023\/08\/Upitnik-za-samoprocjenu-TJV-sukladno-ZPPI.pdf\">Upitnik za samoprocjenu TJV sukladno ZPPI<\/a><\/span><\/h1>\n<h1><span style=\"font-size: 12pt;\"><a href=\"https:\/\/kulanorinska.hr\/wp-content\/uploads\/2026\/02\/Godisnje_izvjesce-zppi-2025.pdf\">Godisnje_izvjesce zppi 2025<\/a><\/span><\/h1>\n<h1><span style=\"font-size: 12pt;\"><a href=\"https:\/\/kulanorinska.hr\/wp-content\/uploads\/2025\/02\/Godisnje_izvjesce-PPI-2024.pdf\">Godisnje_izvjesce PPI 2024<\/a><\/span><\/h1>\n<h1><span style=\"font-size: 12pt;\"><a href=\"https:\/\/kulanorinska.hr\/wp-content\/uploads\/2026\/04\/GODISNJE-IZVJESEC-PPI-2023.pdf\">GODI\u0160NJE IZVJE\u0160E\u0106 PPI 2023<\/a><\/span><\/h1>\n<h1><span style=\"font-size: 12pt;\"><a href=\"https:\/\/kulanorinska.hr\/wp-content\/uploads\/2023\/08\/Izvjesce-o-provedbi-Zakona-o-pravu-na-pristup-informacijama-za-2022..pdf\">Izvje\u0161\u0107e o provedbi Zakona o pravu na pristup informacijama za 2022.<\/a><\/span><\/h1>\n<h1><span style=\"font-size: 12pt;\"><a href=\"https:\/\/kulanorinska.hr\/wp-content\/uploads\/2023\/08\/UPISNIK-2022.pdf\">UPISNIK 2022<\/a><\/span><\/h1>\n<h1><span style=\"font-size: 12pt;\"><a href=\"https:\/\/kulanorinska.hr\/wp-content\/uploads\/2023\/08\/Izvjesce-o-provedbi-Zakona-o-pravu-na-pristup-informacijama-za-2021..pdf\">Izvje\u0161\u0107e o provedbi Zakona o pravu na pristup informacijama za 2021.<\/a><\/span><\/h1>\n<h1><a style=\"font-size: 12pt;\" href=\"https:\/\/kulanorinska.hr\/wp-content\/uploads\/2022\/03\/Izvjesce-o-provedbi-Zakona-o-pravu-na-pristup-informacijama-za-2020.-godinu.pdf\">Izvje\u0161\u0107e o provedbi Zakona o pravu na pristup informacijama za 2020.<\/a><\/h1>\n<h1><span style=\"font-size: 12pt;\"><a href=\"https:\/\/kulanorinska.hr\/wp-content\/uploads\/2022\/03\/Izvjesce-o-provedbi-Zakona-o-pravu-na-pristup-informacijama-za-2019.-godinu.pdf\">Izvje\u0161\u0107e o provedbi Zakona o pravu na pristup informacijama za 2019.<\/a><\/span><\/h1>\n<h1><span style=\"font-size: 12pt;\"><a href=\"https:\/\/kulanorinska.hr\/wp-content\/uploads\/2022\/03\/Izvjesce-o-provedbi-Zakona-o-pravu-na-pristup-informacijama-za-2018.-godinu.pdf\">Izvje\u0161\u0107e o provedbi Zakona o pravu na pristup informacijama za 2018.<\/a><\/span><\/h1>\n<div class=\"td-page-content\">\n<h1><span style=\"font-size: 12pt;\"><a href=\"https:\/\/kulanorinska.hr\/wp-content\/uploads\/2022\/03\/Izvjesce-o-provedbi-Zakona-o-pravu-na-pristup-informacijama-za-2017.-godinu.pdf\">I<\/a><\/span><a style=\"font-size: 12pt;\" href=\"https:\/\/kulanorinska.hr\/wp-content\/uploads\/2022\/03\/Izvjesce-o-provedbi-Zakona-o-pravu-na-pristup-informacijama-za-2017.-godinu.pdf\">zvje\u0161\u0107e o provedbi Zakona o pravu na pristup informacijama za 2017.<\/a><\/h1>\n<h1 class=\"entry-title td-page-title\"><span style=\"font-size: 12pt;\">Otvoreni podaci: <a href=\"https:\/\/kulanorinska.hr\/wp-content\/uploads\/2022\/03\/ASSET-LISTA.xlsx\">ASSET LISTA<\/a><\/span><\/h1>\n<p>&nbsp;<\/p>\n<p><strong><span style=\"font-size: 14pt;\">Popis udjela iz \u010dlanka 4. stavka 4.&nbsp; Zakona o sprje\u010davanju sukoba interesa:<\/span><\/strong><\/p>\n<p><a href=\"https:\/\/kulanorinska.hr\/wp-content\/uploads\/2023\/06\/Izjave-clanova-predstavnickog-tijela.pdf\">Izjave \u010dlanova predstavni\u010dkog tijela<\/a><\/p>\n<\/div>\n","protected":false},"excerpt":{"rendered":"<p>Pravo na pristup informacijama i ponovnu uporabu informacija Obavijest o na\u010dinu i uvjetima ostvarivanja prava na pristup informacijama i ponovnu uporabu informacija Zakonom o pravu na pristup informacijama NN&nbsp;25\/13,&nbsp;85\/15&nbsp;&nbsp;ure\u0111uje se&nbsp; pravo na pristup informacijama i ponovnu uporabu informacija koje posjeduju tijela javne vlasti, propisuju se&#8230;<\/p>\n","protected":false},"author":1,"featured_media":0,"parent":498,"menu_order":36,"comment_status":"closed","ping_status":"closed","template":"","meta":{"_monsterinsights_skip_tracking":false,"_monsterinsights_sitenote_active":false,"_monsterinsights_sitenote_note":"","_monsterinsights_sitenote_category":0,"ngg_post_thumbnail":0},"_links":{"self":[{"href":"https:\/\/kulanorinska.hr\/index.php?rest_route=\/wp\/v2\/pages\/9998"}],"collection":[{"href":"https:\/\/kulanorinska.hr\/index.php?rest_route=\/wp\/v2\/pages"}],"about":[{"href":"https:\/\/kulanorinska.hr\/index.php?rest_route=\/wp\/v2\/types\/page"}],"author":[{"embeddable":true,"href":"https:\/\/kulanorinska.hr\/index.php?rest_route=\/wp\/v2\/users\/1"}],"replies":[{"embeddable":true,"href":"https:\/\/kulanorinska.hr\/index.php?rest_route=%2Fwp%2Fv2%2Fcomments&post=9998"}],"version-history":[{"count":42,"href":"https:\/\/kulanorinska.hr\/index.php?rest_route=\/wp\/v2\/pages\/9998\/revisions"}],"predecessor-version":[{"id":11619,"href":"https:\/\/kulanorinska.hr\/index.php?rest_route=\/wp\/v2\/pages\/9998\/revisions\/11619"}],"up":[{"embeddable":true,"href":"https:\/\/kulanorinska.hr\/index.php?rest_route=\/wp\/v2\/pages\/498"}],"wp:attachment":[{"href":"https:\/\/kulanorinska.hr\/index.php?rest_route=%2Fwp%2Fv2%2Fmedia&parent=9998"}],"curies":[{"name":"wp","href":"https:\/\/api.w.org\/{rel}","templated":true}]}}